{"id":1343,"date":"2025-02-05T11:25:51","date_gmt":"2025-02-05T08:25:51","guid":{"rendered":"https:\/\/limametalcelik.com\/contact\/"},"modified":"2025-02-12T03:49:39","modified_gmt":"2025-02-12T00:49:39","slug":"contact","status":"publish","type":"page","link":"https:\/\/limametalcelik.com\/en\/contact\/","title":{"rendered":"Contact"},"content":{"rendered":"\n<div class=\"wp-block-stackable-columns stk-block-columns stk-block stk-0d7a6f8\" data-block-id=\"0d7a6f8\"><style>.stk-0d7a6f8 {margin-bottom:0px !important;}.stk-0d7a6f8-column{--stk-column-gap:20px !important;}<\/style><div class=\"stk-row stk-inner-blocks stk-block-content stk-content-align stk-0d7a6f8-column\">\n<div class=\"wp-block-stackable-column stk-block-column stk-column stk-block stk-5edb462\" data-v=\"4\" data-block-id=\"5edb462\"><style>.stk-5edb462 {z-index:2 !important;}<\/style><div class=\"stk-column-wrapper stk-block-column__content stk-container stk-5edb462-container stk--no-background stk--no-padding\"><div class=\"stk-block-content stk-inner-blocks stk-5edb462-inner-blocks\">\n<div class=\"wp-block-stackable-text stk-block-text stk-block stk-9b6a928\" data-block-id=\"9b6a928\"><style>.stk-9b6a928 {margin-bottom:10px !important;}.stk-9b6a928 .stk-block-text__text{color:var(--theme-palette-color-1, #ff6310) !important;font-weight:500 !important;}<\/style><p class=\"stk-block-text__text has-text-color has-text-align-center\">Contact Us<\/p><\/div>\n\n\n\n<div class=\"wp-block-stackable-heading stk-block-heading stk-block-heading--v2 stk-block stk-75ab686\" id=\"iletisim\" data-block-id=\"75ab686\"><style>.stk-75ab686 {margin-bottom:35px !important;}@media screen and (max-width: 1023px){.stk-75ab686 {margin-bottom:40px !important;}.stk-75ab686 .stk-block-heading__text{font-size:30px !important;}}<\/style><h2 class=\"stk-block-heading__text has-text-align-center\">Contact<\/h2><\/div>\n\n\n\n<div class=\"wp-block-stackable-text stk-block-text stk-block stk-1c8f221\" data-block-id=\"1c8f221\"><style>.stk-1c8f221 {margin-bottom:0px !important;}.stk-1c8f221 .stk-block-text__text{font-size:20px !important;color:var(--theme-palette-color-4, #1E262E) !important;}@media screen and (max-width: 1023px){.stk-1c8f221 .stk-block-text__text{font-size:18px !important;}}<\/style><p class=\"stk-block-text__text has-text-color has-text-align-center-mobile\">We are here to provide the best solutions for your projects. You can contact us to get detailed information about our services, request project consultancy, or get a price quote. Our expert team will assist you as soon as possible.<\/p><\/div>\n<\/div><\/div><\/div>\n\n\n\n<div class=\"wp-block-stackable-column stk-block-column stk-column stk-block stk-c6499a7\" data-v=\"4\" data-block-id=\"c6499a7\"><style>.stk-c6499a7 {z-index:2 !important;}<\/style><div class=\"stk-column-wrapper stk-block-column__content stk-container stk-c6499a7-container stk--no-background stk--no-padding\"><div class=\"stk-block-content stk-inner-blocks stk-c6499a7-inner-blocks\">\n<div class=\"wp-block-stackable-text stk-block-text stk-block stk-b23e92a\" data-block-id=\"b23e92a\"><style>.stk-b23e92a {margin-bottom:0px !important;}.stk-b23e92a .stk-block-text__text{font-size:20px !important;color:var(--theme-palette-color-4, #1E262E) !important;}@media screen and (max-width: 1023px){.stk-b23e92a .stk-block-text__text{font-size:18px !important;}}<\/style><p class=\"stk-block-text__text has-text-color has-text-align-center-mobile\"><iframe src=\"https:\/\/www.google.com\/maps\/embed?pb=!1m18!1m12!1m3!1d3182.3983669860927!2d30.618308700000004!3d37.0956337!2m3!1f0!2f0!3f0!3m2!1i1024!2i768!4f13.1!3m3!1m2!1s0x14c475a5b70e4cff%3A0x270ab45ca44a7546!2zTMSwTUEgR0FMVkFOxLBa!5e0!3m2!1str!2str!4v1739318603352!5m2!1str!2str\" width=\"600\" height=\"450\" style=\"border:0;\" allowfullscreen=\"\" loading=\"lazy\" referrerpolicy=\"no-referrer-when-downgrade\"><\/iframe><\/p><\/div>\n<\/div><\/div><\/div>\n<\/div><\/div>\n\n<div class=\"wp-block-stackable-columns stk-block-columns stk-block stk-bd62231 stk-block-background\" data-block-id=\"bd62231\"><style>.stk-bd62231 {background-color:var(--theme-palette-color-4, #1E262E) !important;padding-top:60px !important;padding-right:100px !important;padding-bottom:60px !important;padding-left:100px !important;margin-top:-120px !important;margin-bottom:0px !important;}.stk-bd62231:before{background-color:var(--theme-palette-color-4, #1E262E) !important;}.stk-bd62231-column{--stk-column-gap:50px !important;row-gap:50px !important;}@media screen and (max-width: 1023px){.stk-bd62231 {padding-top:40px !important;padding-right:40px !important;padding-bottom:40px !important;padding-left:40px !important;}}@media screen and (max-width: 767px){.stk-bd62231 {margin-top:80px !important;}}<\/style><div class=\"stk-row stk-inner-blocks stk-block-content stk-content-align stk-bd62231-column\">\n<div class=\"wp-block-stackable-column stk-block-column stk-column stk-block stk-3fc64e8\" data-v=\"4\" data-block-id=\"3fc64e8\"><style>.stk-3fc64e8-container{margin-top:0px !important;margin-right:0px !important;margin-bottom:0px !important;margin-left:0px !important;}<\/style><div class=\"stk-column-wrapper stk-block-column__content stk-container stk-3fc64e8-container stk--no-background stk--no-padding\"><div class=\"stk-block-content stk-inner-blocks stk-3fc64e8-inner-blocks\">\n<div class=\"wp-block-stackable-icon-box stk-block-icon-box stk-block stk-a58a5e5\" data-v=\"2\" data-block-id=\"a58a5e5\"><div class=\"stk-block-content stk-inner-blocks stk-block-icon-box__content stk-container stk-a58a5e5-container stk--no-background stk--no-padding\">\n<div class=\"wp-block-stackable-icon-label stk-block-icon-label stk-block stk-3346b16\" data-block-id=\"3346b16\"><style>.stk-3346b16 .stk-inner-blocks{gap:40px !important;}.stk-3346b16 {margin-bottom:20px !important;}@media screen and (max-width: 1023px){.stk-3346b16 .stk-inner-blocks{gap:40px !important;}}@media screen and (max-width: 767px){.stk-3346b16 .stk-inner-blocks{gap:40px !important;}}<\/style><div class=\"stk-row stk-inner-blocks stk-block-content\">\n<div class=\"wp-block-stackable-icon stk-block-icon has-text-align-left stk-block stk-6d6fb60\" data-block-id=\"6d6fb60\"><style>.stk-6d6fb60 .stk--svg-wrapper .stk--inner-svg svg:last-child{height:24px !important;width:24px !important;}<\/style><span class=\"stk--svg-wrapper\"><div class=\"stk--inner-svg\"><svg style=\"height:0;width:0\"><defs><lineargradient id=\"linear-gradient-6d6fb60\" x1=\"0\" x2=\"100%\" y1=\"0\" y2=\"0\"><stop offset=\"0%\" style=\"stop-opacity:1;stop-color:var(--linear-gradient-6-d-6-fb-60-color-1)\"><\/stop><stop offset=\"100%\" style=\"stop-opacity:1;stop-color:var(--linear-gradient-6-d-6-fb-60-color-2)\"><\/stop><\/lineargradient><\/defs><\/svg><svg class=\"ugb-custom-icon\" xmlns=\"http:\/\/www.w3.org\/2000\/svg\" viewbox=\"0 0 24 24\" style=\"enable-background:new 0 0 24 24\" xml:space=\"preserve\" aria-hidden=\"true\" width=\"32\" height=\"32\"><path d=\"M24 18v3.6c0 1.3-1.1 2.4-2.4 2.4h-.2c-3.7-.4-7.3-1.7-10.4-3.7-3-1.9-5.4-4.3-7.3-7.2C1.7 9.9.4 6.3 0 2.6-.1 1.3.9.1 2.2 0H6c1.2 0 2.2.9 2.4 2.1.2 1.2.4 2.3.8 3.4.4.8.2 1.8-.5 2.5L7.2 9.5c1.7 3 4.2 5.5 7.2 7.2l1.5-1.5c.7-.7 1.7-.9 2.5-.5 1.1.4 2.2.7 3.4.8 1.3.2 2.2 1.2 2.2 2.5z\" style=\"fill:#ec6a2b\"><\/path><\/svg><\/div><\/span><\/div>\n\n\n\n<div class=\"wp-block-stackable-heading stk-block-heading stk-block-heading--v2 stk-block stk-bd34d99\" id=\"telefon\" data-block-id=\"bd34d99\"><style>.stk-bd34d99 .stk-block-heading__text{color:var(--theme-palette-color-8, #ffffff) !important;}@media screen and (max-width: 1023px){.stk-bd34d99 .stk-block-heading__text{font-size:20px !important;}}<\/style><h4 class=\"stk-block-heading__text has-text-color stk-block-heading--use-theme-margins\">Phone<\/h4><\/div>\n<\/div><\/div>\n\n\n\n<div class=\"wp-block-stackable-text stk-block-text stk-block stk-ccfb9fe\" data-block-id=\"ccfb9fe\"><style>.stk-ccfb9fe {opacity:0.7 !important;}.stk-ccfb9fe .stk-block-text__text{color:var(--theme-palette-color-8, #ffffff) !important;}<\/style><p class=\"stk-block-text__text has-text-color\">\n\n+90 532 477 93 07<\/p><\/div>\n<\/div><\/div>\n<\/div><\/div><\/div>\n\n\n\n<div class=\"wp-block-stackable-column stk-block-column stk-column stk-block stk-77300f6\" data-v=\"4\" data-block-id=\"77300f6\"><style>.stk-77300f6-container{margin-top:0px !important;margin-right:0px !important;margin-bottom:0px !important;margin-left:0px !important;}<\/style><div class=\"stk-column-wrapper stk-block-column__content stk-container stk-77300f6-container stk--no-background stk--no-padding\"><div class=\"stk-block-content stk-inner-blocks stk-77300f6-inner-blocks\">\n<div class=\"wp-block-stackable-icon-box stk-block-icon-box stk-block stk-6daad80\" data-v=\"2\" data-block-id=\"6daad80\"><div class=\"stk-block-content stk-inner-blocks stk-block-icon-box__content stk-container stk-6daad80-container stk--no-background stk--no-padding\">\n<div class=\"wp-block-stackable-icon-label stk-block-icon-label stk-block stk-1c6426f\" data-block-id=\"1c6426f\"><style>.stk-1c6426f .stk-inner-blocks{gap:40px !important;}.stk-1c6426f {margin-bottom:20px !important;}@media screen and (max-width: 1023px){.stk-1c6426f .stk-inner-blocks{gap:40px !important;}}@media screen and (max-width: 767px){.stk-1c6426f .stk-inner-blocks{gap:40px !important;}}<\/style><div class=\"stk-row stk-inner-blocks stk-block-content\">\n<div class=\"wp-block-stackable-icon stk-block-icon has-text-align-left stk-block stk-d62847c\" data-block-id=\"d62847c\"><style>.stk-d62847c .stk--svg-wrapper .stk--inner-svg svg:last-child{height:24px !important;width:24px !important;}<\/style><span class=\"stk--svg-wrapper\"><div class=\"stk--inner-svg\"><svg style=\"height:0;width:0\"><defs><lineargradient id=\"linear-gradient-d62847c\" x1=\"0\" x2=\"100%\" y1=\"0\" y2=\"0\"><stop offset=\"0%\" style=\"stop-opacity:1;stop-color:var(--linear-gradient-d-62847-c-color-1)\"><\/stop><stop offset=\"100%\" style=\"stop-opacity:1;stop-color:var(--linear-gradient-d-62847-c-color-2)\"><\/stop><\/lineargradient><\/defs><\/svg><svg class=\"ugb-custom-icon\" xmlns=\"http:\/\/www.w3.org\/2000\/svg\" viewbox=\"0 0 24 24\" style=\"enable-background:new 0 0 24 24\" xml:space=\"preserve\" aria-hidden=\"true\" width=\"32\" height=\"32\"><path d=\"M12 24c-.3 0-.5-.1-.7-.3C9.4 21.3 3 13.3 3 9.1 2.9 4.1 6.9 0 11.9 0c5-.1 9.1 3.9 9.1 8.9v.2c0 4.2-6.4 12.2-8.3 14.5-.2.3-.4.4-.7.4zm0-19c-2 0-3.6 1.6-3.6 3.5 0 2 1.6 3.6 3.5 3.6 2 0 3.6-1.6 3.6-3.5C15.5 6.6 14 5 12 5z\" style=\"fill:#ec6a2b\"><\/path><\/svg><\/div><\/span><\/div>\n\n\n\n<div class=\"wp-block-stackable-heading stk-block-heading stk-block-heading--v2 stk-block stk-f16a60f\" id=\"adres\" data-block-id=\"f16a60f\"><style>.stk-f16a60f .stk-block-heading__text{color:var(--theme-palette-color-8, #ffffff) !important;}@media screen and (max-width: 1023px){.stk-f16a60f .stk-block-heading__text{font-size:20px !important;}}<\/style><h4 class=\"stk-block-heading__text has-text-color stk-block-heading--use-theme-margins\">Address<\/h4><\/div>\n<\/div><\/div>\n\n\n\n<div class=\"wp-block-stackable-text stk-block-text stk-block stk-7847bbe\" data-block-id=\"7847bbe\"><style>.stk-7847bbe {opacity:0.7 !important;}.stk-7847bbe .stk-block-text__text{color:var(--theme-palette-color-8, #ffffff) !important;}<\/style><p class=\"stk-block-text__text has-text-color\">KIRKG\u00d6Z INDUSTRIAL SITE, 2869 Street: 16, 2861 Sk. 07190 D\u00f6\u015femealt\u0131\/Antalya<\/p><\/div>\n<\/div><\/div>\n<\/div><\/div><\/div>\n\n\n\n<div class=\"wp-block-stackable-column stk-block-column stk-column stk-block stk-144504d\" data-v=\"4\" data-block-id=\"144504d\"><style>.stk-144504d-container{margin-top:0px !important;margin-right:0px !important;margin-bottom:0px !important;margin-left:0px !important;}<\/style><div class=\"stk-column-wrapper stk-block-column__content stk-container stk-144504d-container stk--no-background stk--no-padding\"><div class=\"stk-block-content stk-inner-blocks stk-144504d-inner-blocks\">\n<div class=\"wp-block-stackable-icon-box stk-block-icon-box stk-block stk-e2dab4e\" data-v=\"2\" data-block-id=\"e2dab4e\"><div class=\"stk-block-content stk-inner-blocks stk-block-icon-box__content stk-container stk-e2dab4e-container stk--no-background stk--no-padding\">\n<div class=\"wp-block-stackable-icon-label stk-block-icon-label stk-block stk-6cc02d1\" data-block-id=\"6cc02d1\"><style>.stk-6cc02d1 .stk-inner-blocks{gap:40px !important;}.stk-6cc02d1 {margin-bottom:20px !important;}@media screen and (max-width: 1023px){.stk-6cc02d1 .stk-inner-blocks{gap:40px !important;}}@media screen and (max-width: 767px){.stk-6cc02d1 .stk-inner-blocks{gap:40px !important;}}<\/style><div class=\"stk-row stk-inner-blocks stk-block-content\">\n<div class=\"wp-block-stackable-icon stk-block-icon has-text-align-left stk-block stk-88ecc7a\" data-block-id=\"88ecc7a\"><style>.stk-88ecc7a .stk--svg-wrapper .stk--inner-svg svg:last-child{height:24px !important;width:24px !important;}.stk-88ecc7a .stk--svg-wrapper .stk--inner-svg svg:last-child, .stk-88ecc7a .stk--svg-wrapper .stk--inner-svg svg:last-child :is(g, path, rect, polygon, ellipse){fill:var(--theme-palette-color-2, #fd7c47) !important;}<\/style><span class=\"stk--svg-wrapper\"><div class=\"stk--inner-svg\"><svg style=\"height:0;width:0\"><defs><lineargradient id=\"linear-gradient-88ecc7a\" x1=\"0\" x2=\"100%\" y1=\"0\" y2=\"0\"><stop offset=\"0%\" style=\"stop-opacity:1;stop-color:var(--linear-gradient-88-ecc-7-a-color-1)\"><\/stop><stop offset=\"100%\" style=\"stop-opacity:1;stop-color:var(--linear-gradient-88-ecc-7-a-color-2)\"><\/stop><\/lineargradient><\/defs><\/svg><svg xmlns=\"http:\/\/www.w3.org\/2000\/svg\" viewbox=\"0 0 512 512\" aria-hidden=\"true\" width=\"32\" height=\"32\"><path d=\"M48 64C21.5 64 0 85.5 0 112c0 15.1 7.1 29.3 19.2 38.4L236.8 313.6c11.4 8.5 27 8.5 38.4 0L492.8 150.4c12.1-9.1 19.2-23.3 19.2-38.4c0-26.5-21.5-48-48-48H48zM0 176V384c0 35.3 28.7 64 64 64H448c35.3 0 64-28.7 64-64V176L294.4 339.2c-22.8 17.1-54 17.1-76.8 0L0 176z\"><\/path><\/svg><\/div><\/span><\/div>\n\n\n\n<div class=\"wp-block-stackable-heading stk-block-heading stk-block-heading--v2 stk-block stk-bbf7ce1\" id=\"eposta\" data-block-id=\"bbf7ce1\"><style>.stk-bbf7ce1 .stk-block-heading__text{color:var(--theme-palette-color-8, #ffffff) !important;}@media screen and (max-width: 1023px){.stk-bbf7ce1 .stk-block-heading__text{font-size:20px !important;}}<\/style><h4 class=\"stk-block-heading__text has-text-color stk-block-heading--use-theme-margins\">Email<\/h4><\/div>\n<\/div><\/div>\n\n\n\n<div class=\"wp-block-stackable-text stk-block-text stk-block stk-0ef997a\" data-block-id=\"0ef997a\"><style>.stk-0ef997a {opacity:0.7 !important;}.stk-0ef997a .stk-block-text__text{color:var(--theme-palette-color-8, #ffffff) !important;}<\/style><p class=\"stk-block-text__text has-text-color\">info@limametalcelik.com<\/p><\/div>\n<\/div><\/div>\n<\/div><\/div><\/div>\n<\/div><\/div>\n\n<div class=\"wp-block-stackable-spacer stk-block-spacer stk--no-padding stk-block stk-6081fdb\" data-block-id=\"6081fdb\"><style>.stk-6081fdb {height:130px !important;}@media screen and (max-width: 1023px){.stk-6081fdb {height:80px !important;}}<\/style><\/div>\n","protected":false},"excerpt":{"rendered":"<p>Contact Us Contact We are here to provide the best solutions for your projects. You can contact us to get detailed information about our services, request project consultancy, or get a price quote. Our expert team will assist you as soon as possible. Phone +90 532 477 93 07 Address KIRKG\u00d6Z INDUSTRIAL SITE, 2869 Street: [&hellip;]<\/p>\n","protected":false},"author":1,"featured_media":0,"parent":0,"menu_order":0,"comment_status":"closed","ping_status":"closed","template":"","meta":{"footnotes":""},"class_list":["post-1343","page","type-page","status-publish","hentry"],"blocksy_meta":{"has_hero_section":"disabled","styles_descriptor":{"styles":{"desktop":"","tablet":"","mobile":""},"google_fonts":[],"version":6}},"_links":{"self":[{"href":"https:\/\/limametalcelik.com\/en\/wp-json\/wp\/v2\/pages\/1343","targetHints":{"allow":["GET"]}}],"collection":[{"href":"https:\/\/limametalcelik.com\/en\/wp-json\/wp\/v2\/pages"}],"about":[{"href":"https:\/\/limametalcelik.com\/en\/wp-json\/wp\/v2\/types\/page"}],"author":[{"embeddable":true,"href":"https:\/\/limametalcelik.com\/en\/wp-json\/wp\/v2\/users\/1"}],"replies":[{"embeddable":true,"href":"https:\/\/limametalcelik.com\/en\/wp-json\/wp\/v2\/comments?post=1343"}],"version-history":[{"count":1,"href":"https:\/\/limametalcelik.com\/en\/wp-json\/wp\/v2\/pages\/1343\/revisions"}],"predecessor-version":[{"id":1344,"href":"https:\/\/limametalcelik.com\/en\/wp-json\/wp\/v2\/pages\/1343\/revisions\/1344"}],"wp:attachment":[{"href":"https:\/\/limametalcelik.com\/en\/wp-json\/wp\/v2\/media?parent=1343"}],"curies":[{"name":"wp","href":"https:\/\/api.w.org\/{rel}","templated":true}]}}